{"id":2,"date":"2024-01-27T09:32:19","date_gmt":"2024-01-27T09:32:19","guid":{"rendered":"https:\/\/janis.lv\/?page_id=2"},"modified":"2024-01-27T12:30:55","modified_gmt":"2024-01-27T10:30:55","slug":"par-janis-lv","status":"publish","type":"page","link":"https:\/\/janis.lv\/?page_id=2","title":{"rendered":"Par Janis.lv"},"content":{"rendered":"\n<p>Saska\u0146\u0101 ar PMLP Personv\u0101rdu datu b\u0101zi Latvij\u0101 \u0161obr\u012bd ir 45363 J\u0101\u0146i. Tas ir pietiekami daudz, lai katrs no mums person\u012bgi paz\u012btu vismaz vienu J\u0101ni. <\/p>\n\n\n\n<p><\/p>\n\n\n\n<blockquote class=\"wp-block-quote is-layout-flow wp-block-quote-is-layout-flow\">\n<p>Uzd\u0101vini J\u0101nim dom\u0113nu Janis.lv priv\u0101tai lieto\u0161anai<\/p>\n<\/blockquote>\n\n\n\n<p>vai <\/p>\n\n\n\n<blockquote class=\"wp-block-quote is-layout-flow wp-block-quote-is-layout-flow\">\n<p>Izveido jaunu latvisku z\u012bmolu Janis.lv<\/p>\n<\/blockquote>\n\n\n\n<p>Atpaz\u012bstams, viegli paliek atmi\u0146\u0101. Noder\u012bgs interneta veikalam, rekl\u0101mas kampa\u0146\u0101m, person\u012bgam blogam vai cit\u0101m aktivit\u0101t\u0113m. <\/p>\n","protected":false},"excerpt":{"rendered":"<p>Saska\u0146\u0101 ar PMLP Personv\u0101rdu datu b\u0101zi Latvij\u0101 \u0161obr\u012bd ir 45363 J\u0101\u0146i. Tas ir pietiekami daudz, lai katrs no mums person\u012bgi paz\u012btu vismaz vienu J\u0101ni. Uzd\u0101vini J\u0101nim dom\u0113nu Janis.lv priv\u0101tai lieto\u0161anai vai Izveido jaunu latvisku z\u012bmolu Janis.lv Atpaz\u012bstams, viegli paliek atmi\u0146\u0101. Noder\u012bgs interneta veikalam, rekl\u0101mas kampa\u0146\u0101m, person\u012bgam blogam vai cit\u0101m aktivit\u0101t\u0113m.<\/p>\n","protected":false},"author":1,"featured_media":0,"parent":0,"menu_order":0,"comment_status":"closed","ping_status":"closed","template":"","meta":{"footnotes":""},"class_list":["post-2","page","type-page","status-publish","hentry"],"jetpack_sharing_enabled":true,"_links":{"self":[{"href":"https:\/\/janis.lv\/index.php?rest_route=\/wp\/v2\/pages\/2","targetHints":{"allow":["GET"]}}],"collection":[{"href":"https:\/\/janis.lv\/index.php?rest_route=\/wp\/v2\/pages"}],"about":[{"href":"https:\/\/janis.lv\/index.php?rest_route=\/wp\/v2\/types\/page"}],"author":[{"embeddable":true,"href":"https:\/\/janis.lv\/index.php?rest_route=\/wp\/v2\/users\/1"}],"replies":[{"embeddable":true,"href":"https:\/\/janis.lv\/index.php?rest_route=%2Fwp%2Fv2%2Fcomments&post=2"}],"version-history":[{"count":4,"href":"https:\/\/janis.lv\/index.php?rest_route=\/wp\/v2\/pages\/2\/revisions"}],"predecessor-version":[{"id":13,"href":"https:\/\/janis.lv\/index.php?rest_route=\/wp\/v2\/pages\/2\/revisions\/13"}],"wp:attachment":[{"href":"https:\/\/janis.lv\/index.php?rest_route=%2Fwp%2Fv2%2Fmedia&parent=2"}],"curies":[{"name":"wp","href":"https:\/\/api.w.org\/{rel}","templated":true}]}}